{"id":559,"date":"2018-03-01T09:01:36","date_gmt":"2018-03-01T14:01:36","guid":{"rendered":"http:\/\/maxi.com\/innovation\/security-and-integrity\/"},"modified":"2021-11-22T09:54:37","modified_gmt":"2021-11-22T14:54:37","slug":"securite-et-integrite","status":"publish","type":"page","link":"https:\/\/www.maxi.com\/fr\/innovation\/securite-et-integrite\/","title":{"rendered":"S\u00e9curit\u00e9 et int\u00e9grit\u00e9"},"content":{"rendered":"","protected":false},"excerpt":{"rendered":"","protected":false},"author":1,"featured_media":0,"parent":546,"menu_order":0,"comment_status":"closed","ping_status":"closed","template":"page-templates\/tpl_flexcontent.php","meta":{"_acf_changed":false,"footnotes":""},"class_list":["post-559","page","type-page","status-publish","hentry"],"acf":[],"yoast_head":"\nS\u00e9curit\u00e9 et int\u00e9grit\u00e9 - MAXI<\/title>\n<meta name=\"robots\" content=\"index, follow, max-snippet:-1, max-image-preview:large, max-video-preview:-1\" \/>\n<link rel=\"canonical\" href=\"https:\/\/www.maxi.com\/innovation\/security-and-integrity\/\" \/>\n<meta property=\"og:locale\" content=\"fr_CA\" \/>\n<meta property=\"og:type\" content=\"article\" \/>\n<meta property=\"og:title\" content=\"S\u00e9curit\u00e9 et int\u00e9grit\u00e9 - MAXI\" \/>\n<meta property=\"og:url\" content=\"https:\/\/www.maxi.com\/innovation\/security-and-integrity\/\" \/>\n<meta property=\"og:site_name\" content=\"MAXI\" \/>\n<meta property=\"article:modified_time\" content=\"2021-11-22T14:54:37+00:00\" \/>\n<meta name=\"twitter:card\" content=\"summary_large_image\" \/>\n<script type=\"application\/ld+json\" class=\"yoast-schema-graph\">{\"@context\":\"https:\\\/\\\/schema.org\",\"@graph\":[{\"@type\":\"WebPage\",\"@id\":\"https:\\\/\\\/www.maxi.com\\\/innovation\\\/security-and-integrity\\\/\",\"url\":\"https:\\\/\\\/www.maxi.com\\\/innovation\\\/security-and-integrity\\\/\",\"name\":\"S\u00e9curit\u00e9 et int\u00e9grit\u00e9 - MAXI\",\"isPartOf\":{\"@id\":\"https:\\\/\\\/www.maxi.com\\\/#website\"},\"datePublished\":\"2018-03-01T14:01:36+00:00\",\"dateModified\":\"2021-11-22T14:54:37+00:00\",\"breadcrumb\":{\"@id\":\"https:\\\/\\\/www.maxi.com\\\/innovation\\\/security-and-integrity\\\/#breadcrumb\"},\"inLanguage\":\"fr-CA\",\"potentialAction\":[{\"@type\":\"ReadAction\",\"target\":[\"https:\\\/\\\/www.maxi.com\\\/innovation\\\/security-and-integrity\\\/\"]}]},{\"@type\":\"BreadcrumbList\",\"@id\":\"https:\\\/\\\/www.maxi.com\\\/innovation\\\/security-and-integrity\\\/#breadcrumb\",\"itemListElement\":[{\"@type\":\"ListItem\",\"position\":1,\"name\":\"Home\",\"item\":\"https:\\\/\\\/www.maxi.com\\\/fr\\\/\"},{\"@type\":\"ListItem\",\"position\":2,\"name\":\"Innovation\",\"item\":\"https:\\\/\\\/www.maxi.com\\\/innovation\\\/\"},{\"@type\":\"ListItem\",\"position\":3,\"name\":\"S\u00e9curit\u00e9 et int\u00e9grit\u00e9\"}]},{\"@type\":\"WebSite\",\"@id\":\"https:\\\/\\\/www.maxi.com\\\/#website\",\"url\":\"https:\\\/\\\/www.maxi.com\\\/\",\"name\":\"MAXI\",\"description\":\"\",\"publisher\":{\"@id\":\"https:\\\/\\\/www.maxi.com\\\/#organization\"},\"potentialAction\":[{\"@type\":\"SearchAction\",\"target\":{\"@type\":\"EntryPoint\",\"urlTemplate\":\"https:\\\/\\\/www.maxi.com\\\/?s={search_term_string}\"},\"query-input\":{\"@type\":\"PropertyValueSpecification\",\"valueRequired\":true,\"valueName\":\"search_term_string\"}}],\"inLanguage\":\"fr-CA\"},{\"@type\":\"Organization\",\"@id\":\"https:\\\/\\\/www.maxi.com\\\/#organization\",\"name\":\"Maxi\",\"url\":\"https:\\\/\\\/www.maxi.com\\\/\",\"logo\":{\"@type\":\"ImageObject\",\"inLanguage\":\"fr-CA\",\"@id\":\"https:\\\/\\\/www.maxi.com\\\/#\\\/schema\\\/logo\\\/image\\\/\",\"url\":\"https:\\\/\\\/www.maxi.com\\\/app\\\/uploads\\\/2018\\\/02\\\/maxi-logo.png\",\"contentUrl\":\"https:\\\/\\\/www.maxi.com\\\/app\\\/uploads\\\/2018\\\/02\\\/maxi-logo.png\",\"width\":378,\"height\":158,\"caption\":\"Maxi\"},\"image\":{\"@id\":\"https:\\\/\\\/www.maxi.com\\\/#\\\/schema\\\/logo\\\/image\\\/\"},\"sameAs\":[\"https:\\\/\\\/www.linkedin.com\\\/company\\\/maxi-canada-inc.\\\/\"]}]}<\/script>\n<!-- \/ Yoast SEO plugin. -->","yoast_head_json":{"title":"S\u00e9curit\u00e9 et int\u00e9grit\u00e9 - MAXI","robots":{"index":"index","follow":"follow","max-snippet":"max-snippet:-1","max-image-preview":"max-image-preview:large","max-video-preview":"max-video-preview:-1"},"canonical":"https:\/\/www.maxi.com\/innovation\/security-and-integrity\/","og_locale":"fr_CA","og_type":"article","og_title":"S\u00e9curit\u00e9 et int\u00e9grit\u00e9 - MAXI","og_url":"https:\/\/www.maxi.com\/innovation\/security-and-integrity\/","og_site_name":"MAXI","article_modified_time":"2021-11-22T14:54:37+00:00","twitter_card":"summary_large_image","schema":{"@context":"https:\/\/schema.org","@graph":[{"@type":"WebPage","@id":"https:\/\/www.maxi.com\/innovation\/security-and-integrity\/","url":"https:\/\/www.maxi.com\/innovation\/security-and-integrity\/","name":"S\u00e9curit\u00e9 et int\u00e9grit\u00e9 - MAXI","isPartOf":{"@id":"https:\/\/www.maxi.com\/#website"},"datePublished":"2018-03-01T14:01:36+00:00","dateModified":"2021-11-22T14:54:37+00:00","breadcrumb":{"@id":"https:\/\/www.maxi.com\/innovation\/security-and-integrity\/#breadcrumb"},"inLanguage":"fr-CA","potentialAction":[{"@type":"ReadAction","target":["https:\/\/www.maxi.com\/innovation\/security-and-integrity\/"]}]},{"@type":"BreadcrumbList","@id":"https:\/\/www.maxi.com\/innovation\/security-and-integrity\/#breadcrumb","itemListElement":[{"@type":"ListItem","position":1,"name":"Home","item":"https:\/\/www.maxi.com\/fr\/"},{"@type":"ListItem","position":2,"name":"Innovation","item":"https:\/\/www.maxi.com\/innovation\/"},{"@type":"ListItem","position":3,"name":"S\u00e9curit\u00e9 et int\u00e9grit\u00e9"}]},{"@type":"WebSite","@id":"https:\/\/www.maxi.com\/#website","url":"https:\/\/www.maxi.com\/","name":"MAXI","description":"","publisher":{"@id":"https:\/\/www.maxi.com\/#organization"},"potentialAction":[{"@type":"SearchAction","target":{"@type":"EntryPoint","urlTemplate":"https:\/\/www.maxi.com\/?s={search_term_string}"},"query-input":{"@type":"PropertyValueSpecification","valueRequired":true,"valueName":"search_term_string"}}],"inLanguage":"fr-CA"},{"@type":"Organization","@id":"https:\/\/www.maxi.com\/#organization","name":"Maxi","url":"https:\/\/www.maxi.com\/","logo":{"@type":"ImageObject","inLanguage":"fr-CA","@id":"https:\/\/www.maxi.com\/#\/schema\/logo\/image\/","url":"https:\/\/www.maxi.com\/app\/uploads\/2018\/02\/maxi-logo.png","contentUrl":"https:\/\/www.maxi.com\/app\/uploads\/2018\/02\/maxi-logo.png","width":378,"height":158,"caption":"Maxi"},"image":{"@id":"https:\/\/www.maxi.com\/#\/schema\/logo\/image\/"},"sameAs":["https:\/\/www.linkedin.com\/company\/maxi-canada-inc.\/"]}]}},"_links":{"self":[{"href":"https:\/\/www.maxi.com\/fr\/wp-json\/wp\/v2\/pages\/559","targetHints":{"allow":["GET"]}}],"collection":[{"href":"https:\/\/www.maxi.com\/fr\/wp-json\/wp\/v2\/pages"}],"about":[{"href":"https:\/\/www.maxi.com\/fr\/wp-json\/wp\/v2\/types\/page"}],"author":[{"embeddable":true,"href":"https:\/\/www.maxi.com\/fr\/wp-json\/wp\/v2\/users\/1"}],"replies":[{"embeddable":true,"href":"https:\/\/www.maxi.com\/fr\/wp-json\/wp\/v2\/comments?post=559"}],"version-history":[{"count":9,"href":"https:\/\/www.maxi.com\/fr\/wp-json\/wp\/v2\/pages\/559\/revisions"}],"predecessor-version":[{"id":1112,"href":"https:\/\/www.maxi.com\/fr\/wp-json\/wp\/v2\/pages\/559\/revisions\/1112"}],"up":[{"embeddable":true,"href":"https:\/\/www.maxi.com\/fr\/wp-json\/wp\/v2\/pages\/546"}],"wp:attachment":[{"href":"https:\/\/www.maxi.com\/fr\/wp-json\/wp\/v2\/media?parent=559"}],"curies":[{"name":"wp","href":"https:\/\/api.w.org\/{rel}","templated":true}]}}