{"id":553,"date":"2018-02-19T11:09:03","date_gmt":"2018-02-19T16:09:03","guid":{"rendered":"http:\/\/maxi.com\/contact\/"},"modified":"2023-10-25T15:14:31","modified_gmt":"2023-10-25T20:14:31","slug":"contact","status":"publish","type":"page","link":"https:\/\/www.maxi.com\/fr\/contact\/","title":{"rendered":"Contact"},"content":{"rendered":"<p>Nous aimerions recevoir vos commentaires ou questions concernant nos produits. Merci de contacter un de nos repr\u00e9sentants du service \u00e0 la client\u00e8le.<\/p>\n<p>MISE EN GARDE : veuillez prendre note que vous N&rsquo;\u00caTES PAS sur le site de Maxi l\u2019\u00e9picerie, vous \u00eates sur le site de Maxi Canada, une entreprise de sur transformation de produits de volaille. Nous n\u2019avons AUCUN LIEN avec Maxi la chaine de supermarch\u00e9. SVP vous rediriger vers <a href=\"http:\/\/www.maxi.ca\">www.maxi.ca<\/a> pour joindre l\u2019\u00e9quipe de Maxi l\u2019\u00e9picerie.<\/p>\n<p>&nbsp;<\/p>\n<h3><strong>Pour nous joindre<\/strong><\/h3>\n<p>688 rue du Parc, St-Lin-Laurentides, Qu\u00e9bec, J5M 3B4<\/p>\n<p>&nbsp;<\/p>\n<p>T\u00e9l. : 450-439-2500<\/p>\n<p>T\u00e9lec. : 450-439-6500<\/p>\n<p>infomaxicanada@maxi.com<\/p>\n<p>&nbsp;<\/p>\n<div class=\"frm_forms \" id=\"frm_form_2_container\" >\n<form enctype=\"multipart\/form-data\" method=\"post\" class=\"frm-show-form  frm_pro_form \" id=\"form_contact-form\" >\n<div class=\"frm_form_fields \">\n<fieldset>\n<h3 class=\"frm_form_title\">Formulaire de contact<\/h3>\r\n<div class=\"frm_fields_container\">\n<input type=\"hidden\" name=\"frm_action\" value=\"create\" \/>\n<input type=\"hidden\" name=\"form_id\" value=\"2\" \/>\n<input type=\"hidden\" name=\"frm_hide_fields_2\" id=\"frm_hide_fields_2\" value=\"\" \/>\n<input type=\"hidden\" name=\"form_key\" value=\"contact-form\" \/>\n<input type=\"hidden\" name=\"item_meta[0]\" value=\"\" \/>\n<input type=\"hidden\" id=\"frm_submit_entry_2\" name=\"frm_submit_entry_2\" value=\"df83128e01\" \/><input type=\"hidden\" name=\"_wp_http_referer\" value=\"\/fr\/wp-json\/wp\/v2\/pages\/553\" \/><div id=\"frm_field_6_container\" class=\"frm_form_field form-field  frm_required_field frm_none_container frm_full\">\r\n    <label for=\"field_qh4icy2\" class=\"frm_primary_label\">Nom complet\r\n        <span class=\"frm_required\"><\/span>\r\n    <\/label>\r\n    <input  type=\"text\" id=\"field_qh4icy2\" name=\"item_meta[6]\" value=\"\"  placeholder=\"Nom complet\" data-reqmsg=\"Ce champ est requis.\" aria-required=\"true\" data-invmsg=\"Le nom complet est invalide\" aria-invalid=\"false\"   \/>\r\n    \r\n    \r\n<\/div>\n<div id=\"frm_field_8_container\" class=\"frm_form_field form-field  frm_required_field frm_none_container frm_full\">\r\n    <label for=\"field_29yf4d2\" class=\"frm_primary_label\">Courriel\r\n        <span class=\"frm_required\"><\/span>\r\n    <\/label>\r\n    <input type=\"email\" id=\"field_29yf4d2\" name=\"item_meta[8]\" value=\"\"  placeholder=\"Courriel\" data-reqmsg=\"Ce champ est requis.\" aria-required=\"true\" data-invmsg=\"S&#039;il vous pla\u00eet, inscrivez une adresse email valide\" aria-invalid=\"false\"  \/>\r\n    \r\n    \r\n<\/div>\n<div id=\"frm_field_11_container\" class=\"frm_form_field form-field  frm_required_field frm_none_container frm_full\">\r\n    <label for=\"field_xgs0j\" class=\"frm_primary_label\">T\u00e9l\u00e9phone\r\n        <span class=\"frm_required\">*<\/span>\r\n    <\/label>\r\n    <input type=\"tel\" id=\"field_xgs0j\" name=\"item_meta[11]\" value=\"\"  placeholder=\"T\u00e9l\u00e9phone\" data-reqmsg=\"Ce champ est requis.\" aria-required=\"true\" data-invmsg=\"S&#039;il vous pla\u00eet, inscrivez un num\u00e9ro de t\u00e9l\u00e9phone valide\" aria-invalid=\"false\" pattern=\"((\\+\\d{1,3}(-|.| )?\\(?\\d\\)?(-| |.)?\\d{1,5})|(\\(?\\d{2,6}\\)?))(-|.| )?(\\d{3,4})(-|.| )?(\\d{4})(( x| ext)\\d{1,5}){0,1}$\"  \/>\r\n    \r\n    \r\n<\/div>\n<div id=\"frm_field_10_container\" class=\"frm_form_field form-field  frm_required_field frm_none_container frm_full\">\r\n    <label for=\"field_9jv0r12\" class=\"frm_primary_label\">Comment pouvons-nous vous aider?\r\n        <span class=\"frm_required\"><\/span>\r\n    <\/label>\r\n    <textarea name=\"item_meta[10]\" id=\"field_9jv0r12\" rows=\"5\"  placeholder=\"Comment pouvons-nous vous aider?\" data-reqmsg=\"Ce champ est requis.\" aria-required=\"true\" data-invmsg=\"Comment pouvons-nous vous aider? is invalid\" aria-invalid=\"false\"  ><\/textarea>\r\n    \r\n    \r\n<\/div>\n<div id=\"frm_field_114_container\" class=\"frm_form_field form-field  frm_none_container\">\n\t<label for=\"cf-turnstile-response\" id=\"field_sf9gc_label\" class=\"frm_primary_label\">Captcha\n\t\t<span class=\"frm_required\" aria-hidden=\"true\"><\/span>\n\t<\/label>\n\t<div  id=\"field_sf9gc\" class=\"frm-cf-turnstile\" data-sitekey=\"0x4AAAAAACEDj4U1sybt4MVa\" data-language=\"fr-CA\" data-size=\"normal\" data-theme=\"light\"><\/div>\n\t\n\t\n<\/div>\n<div id=\"frm_field_112_container\" class=\"frm_form_field form-field \">\n\t<div class=\"frm_submit\">\r\n\r\n<button class=\"frm_button_submit frm_final_submit button -contact-form\" type=\"submit\"   formnovalidate=\"formnovalidate\">Send<\/button>\r\n\r\n<\/div>\n<\/div>\n\t<input type=\"hidden\" name=\"item_key\" value=\"\" \/>\n\t\t\t<div id=\"frm_field_115_container\">\n\t\t\t<label for=\"field_fak1y\" >\n\t\t\t\tIf you are human, leave this field blank.\t\t\t<\/label>\n\t\t\t<input  id=\"field_fak1y\" type=\"text\" class=\"frm_form_field form-field frm_verify\" name=\"item_meta[115]\" value=\"\"  \/>\n\t\t<\/div>\n\t\t<input name=\"frm_state\" type=\"hidden\" value=\"Eo36kHW+U1t6ri3Mbulp5sjUBEYAelX+HA6oEDFyIZcC5u0UCdekUoq+jppwqyHk\" \/><\/div>\n<\/fieldset>\n<\/div>\n\n<\/form>\n<\/div>\n\n","protected":false},"excerpt":{"rendered":"<p>Nous aimerions recevoir vos commentaires ou questions concernant nos produits. Merci de contacter un de nos repr\u00e9sentants du&#8230;<\/p>\n","protected":false},"author":1,"featured_media":0,"parent":0,"menu_order":0,"comment_status":"closed","ping_status":"closed","template":"page-templates\/tpl_contact-complaint.php","meta":{"_acf_changed":false,"footnotes":""},"class_list":["post-553","page","type-page","status-publish","hentry"],"acf":[],"yoast_head":"<!-- This site is optimized with the Yoast SEO plugin v27.3 - https:\/\/yoast.com\/product\/yoast-seo-wordpress\/ -->\n<title>Contact - MAXI<\/title>\n<meta name=\"robots\" content=\"index, follow, max-snippet:-1, max-image-preview:large, max-video-preview:-1\" \/>\n<link rel=\"canonical\" href=\"https:\/\/www.maxi.com\/fr\/contact\/\" \/>\n<meta property=\"og:locale\" content=\"fr_CA\" \/>\n<meta property=\"og:type\" content=\"article\" \/>\n<meta property=\"og:title\" content=\"Contact - MAXI\" \/>\n<meta property=\"og:description\" content=\"Nous aimerions recevoir vos commentaires ou questions concernant nos produits. Merci de contacter un de nos repr\u00e9sentants du...\" \/>\n<meta property=\"og:url\" content=\"https:\/\/www.maxi.com\/fr\/contact\/\" \/>\n<meta property=\"og:site_name\" content=\"MAXI\" \/>\n<meta property=\"article:modified_time\" content=\"2023-10-25T20:14:31+00:00\" \/>\n<meta name=\"twitter:card\" content=\"summary_large_image\" \/>\n<meta name=\"twitter:label1\" content=\"Estimation du temps de lecture\" \/>\n\t<meta name=\"twitter:data1\" content=\"1 minute\" \/>\n<script type=\"application\/ld+json\" class=\"yoast-schema-graph\">{\"@context\":\"https:\\\/\\\/schema.org\",\"@graph\":[{\"@type\":\"WebPage\",\"@id\":\"https:\\\/\\\/www.maxi.com\\\/fr\\\/contact\\\/\",\"url\":\"https:\\\/\\\/www.maxi.com\\\/fr\\\/contact\\\/\",\"name\":\"Contact - MAXI\",\"isPartOf\":{\"@id\":\"https:\\\/\\\/www.maxi.com\\\/#website\"},\"datePublished\":\"2018-02-19T16:09:03+00:00\",\"dateModified\":\"2023-10-25T20:14:31+00:00\",\"breadcrumb\":{\"@id\":\"https:\\\/\\\/www.maxi.com\\\/fr\\\/contact\\\/#breadcrumb\"},\"inLanguage\":\"fr-CA\",\"potentialAction\":[{\"@type\":\"ReadAction\",\"target\":[\"https:\\\/\\\/www.maxi.com\\\/fr\\\/contact\\\/\"]}]},{\"@type\":\"BreadcrumbList\",\"@id\":\"https:\\\/\\\/www.maxi.com\\\/fr\\\/contact\\\/#breadcrumb\",\"itemListElement\":[{\"@type\":\"ListItem\",\"position\":1,\"name\":\"Home\",\"item\":\"https:\\\/\\\/www.maxi.com\\\/fr\\\/\"},{\"@type\":\"ListItem\",\"position\":2,\"name\":\"Contact\"}]},{\"@type\":\"WebSite\",\"@id\":\"https:\\\/\\\/www.maxi.com\\\/#website\",\"url\":\"https:\\\/\\\/www.maxi.com\\\/\",\"name\":\"MAXI\",\"description\":\"\",\"publisher\":{\"@id\":\"https:\\\/\\\/www.maxi.com\\\/#organization\"},\"potentialAction\":[{\"@type\":\"SearchAction\",\"target\":{\"@type\":\"EntryPoint\",\"urlTemplate\":\"https:\\\/\\\/www.maxi.com\\\/?s={search_term_string}\"},\"query-input\":{\"@type\":\"PropertyValueSpecification\",\"valueRequired\":true,\"valueName\":\"search_term_string\"}}],\"inLanguage\":\"fr-CA\"},{\"@type\":\"Organization\",\"@id\":\"https:\\\/\\\/www.maxi.com\\\/#organization\",\"name\":\"Maxi\",\"url\":\"https:\\\/\\\/www.maxi.com\\\/\",\"logo\":{\"@type\":\"ImageObject\",\"inLanguage\":\"fr-CA\",\"@id\":\"https:\\\/\\\/www.maxi.com\\\/#\\\/schema\\\/logo\\\/image\\\/\",\"url\":\"https:\\\/\\\/www.maxi.com\\\/app\\\/uploads\\\/2018\\\/02\\\/maxi-logo.png\",\"contentUrl\":\"https:\\\/\\\/www.maxi.com\\\/app\\\/uploads\\\/2018\\\/02\\\/maxi-logo.png\",\"width\":378,\"height\":158,\"caption\":\"Maxi\"},\"image\":{\"@id\":\"https:\\\/\\\/www.maxi.com\\\/#\\\/schema\\\/logo\\\/image\\\/\"},\"sameAs\":[\"https:\\\/\\\/www.linkedin.com\\\/company\\\/maxi-canada-inc.\\\/\"]}]}<\/script>\n<!-- \/ Yoast SEO plugin. -->","yoast_head_json":{"title":"Contact - MAXI","robots":{"index":"index","follow":"follow","max-snippet":"max-snippet:-1","max-image-preview":"max-image-preview:large","max-video-preview":"max-video-preview:-1"},"canonical":"https:\/\/www.maxi.com\/fr\/contact\/","og_locale":"fr_CA","og_type":"article","og_title":"Contact - MAXI","og_description":"Nous aimerions recevoir vos commentaires ou questions concernant nos produits. Merci de contacter un de nos repr\u00e9sentants du...","og_url":"https:\/\/www.maxi.com\/fr\/contact\/","og_site_name":"MAXI","article_modified_time":"2023-10-25T20:14:31+00:00","twitter_card":"summary_large_image","twitter_misc":{"Estimation du temps de lecture":"1 minute"},"schema":{"@context":"https:\/\/schema.org","@graph":[{"@type":"WebPage","@id":"https:\/\/www.maxi.com\/fr\/contact\/","url":"https:\/\/www.maxi.com\/fr\/contact\/","name":"Contact - MAXI","isPartOf":{"@id":"https:\/\/www.maxi.com\/#website"},"datePublished":"2018-02-19T16:09:03+00:00","dateModified":"2023-10-25T20:14:31+00:00","breadcrumb":{"@id":"https:\/\/www.maxi.com\/fr\/contact\/#breadcrumb"},"inLanguage":"fr-CA","potentialAction":[{"@type":"ReadAction","target":["https:\/\/www.maxi.com\/fr\/contact\/"]}]},{"@type":"BreadcrumbList","@id":"https:\/\/www.maxi.com\/fr\/contact\/#breadcrumb","itemListElement":[{"@type":"ListItem","position":1,"name":"Home","item":"https:\/\/www.maxi.com\/fr\/"},{"@type":"ListItem","position":2,"name":"Contact"}]},{"@type":"WebSite","@id":"https:\/\/www.maxi.com\/#website","url":"https:\/\/www.maxi.com\/","name":"MAXI","description":"","publisher":{"@id":"https:\/\/www.maxi.com\/#organization"},"potentialAction":[{"@type":"SearchAction","target":{"@type":"EntryPoint","urlTemplate":"https:\/\/www.maxi.com\/?s={search_term_string}"},"query-input":{"@type":"PropertyValueSpecification","valueRequired":true,"valueName":"search_term_string"}}],"inLanguage":"fr-CA"},{"@type":"Organization","@id":"https:\/\/www.maxi.com\/#organization","name":"Maxi","url":"https:\/\/www.maxi.com\/","logo":{"@type":"ImageObject","inLanguage":"fr-CA","@id":"https:\/\/www.maxi.com\/#\/schema\/logo\/image\/","url":"https:\/\/www.maxi.com\/app\/uploads\/2018\/02\/maxi-logo.png","contentUrl":"https:\/\/www.maxi.com\/app\/uploads\/2018\/02\/maxi-logo.png","width":378,"height":158,"caption":"Maxi"},"image":{"@id":"https:\/\/www.maxi.com\/#\/schema\/logo\/image\/"},"sameAs":["https:\/\/www.linkedin.com\/company\/maxi-canada-inc.\/"]}]}},"_links":{"self":[{"href":"https:\/\/www.maxi.com\/fr\/wp-json\/wp\/v2\/pages\/553","targetHints":{"allow":["GET"]}}],"collection":[{"href":"https:\/\/www.maxi.com\/fr\/wp-json\/wp\/v2\/pages"}],"about":[{"href":"https:\/\/www.maxi.com\/fr\/wp-json\/wp\/v2\/types\/page"}],"author":[{"embeddable":true,"href":"https:\/\/www.maxi.com\/fr\/wp-json\/wp\/v2\/users\/1"}],"replies":[{"embeddable":true,"href":"https:\/\/www.maxi.com\/fr\/wp-json\/wp\/v2\/comments?post=553"}],"version-history":[{"count":18,"href":"https:\/\/www.maxi.com\/fr\/wp-json\/wp\/v2\/pages\/553\/revisions"}],"predecessor-version":[{"id":3055,"href":"https:\/\/www.maxi.com\/fr\/wp-json\/wp\/v2\/pages\/553\/revisions\/3055"}],"wp:attachment":[{"href":"https:\/\/www.maxi.com\/fr\/wp-json\/wp\/v2\/media?parent=553"}],"curies":[{"name":"wp","href":"https:\/\/api.w.org\/{rel}","templated":true}]}}