{"id":3002,"date":"2023-06-05T10:36:34","date_gmt":"2023-06-05T15:36:34","guid":{"rendered":"https:\/\/www.maxi.com\/?page_id=3002"},"modified":"2023-06-05T10:36:34","modified_gmt":"2023-06-05T15:36:34","slug":"politique-de-confidentialite","status":"publish","type":"page","link":"https:\/\/www.maxi.com\/fr\/politique-de-confidentialite\/","title":{"rendered":"Politique de confidentialit\u00e9"},"content":{"rendered":"<p>Maxi Inc. m\u00e8ne ses affaires dans le respect des normes d\u2019\u00e9thique et d\u2019int\u00e9grit\u00e9 les plus strictes.<\/p>\n<p>En se dotant de sa Politique de confidentialit\u00e9 et de protection des renseignements personnels, Maxi Inc. r\u00e9affirme son engagement \u00e0 prot\u00e9ger l\u2019information qu\u2019elle poss\u00e8de et \u00e0 se conformer aux lois qui encadrent la protection de la vie priv\u00e9e.<\/p>\n<p>En raison de la nature de ses activit\u00e9s, Maxi Inc. d\u00e9tient des renseignements confidentiels au sujet de ses clients et de ses employ\u00e9s.<\/p>\n<p>Devant le d\u00e9veloppement des nouveaux outils de communication, Maxi Inc. porte une attention particuli\u00e8re \u00e0 la protection de la vie priv\u00e9e. C&rsquo;est pourquoi Maxi Inc. a mis en place diff\u00e9rents m\u00e9canismes visant au respect de la confidentialit\u00e9 des renseignements personnels qu\u2019elle d\u00e9tient et qu\u2019elle collecte.<\/p>\n<h3>I. Un renseignement personnel, qu\u2019est-ce ?<\/h3>\n<p>Tout renseignement au sujet d\u2019une personne permettant de l\u2019identifier constitue un renseignement personnel. Ainsi, votre pr\u00e9nom, nom, code postal et votre adresse courriel constituent des renseignements consid\u00e9r\u00e9s comme personnels.<\/p>\n<h3>II. Collecte des renseignements personnels<\/h3>\n<p>Nous collectons les renseignements suivants:<\/p>\n<ul>\n<li>Nom<\/li>\n<li>Pr\u00e9nom<\/li>\n<li>Adresse \u00e9lectronique<\/li>\n<li>Code postal<\/li>\n<\/ul>\n<p>Les renseignements personnels que Maxi Inc. collecte sont recueillis \u00e0 partir de formulaires et gr\u00e2ce \u00e0 l&rsquo;interactivit\u00e9 \u00e9tablie entre vous et son site Web. Maxi Inc. utilise \u00e9galement, comme indiqu\u00e9 dans la section suivante, des fichiers t\u00e9moins et\/ou journaux pour r\u00e9unir des informations vous concernant.<\/p>\n<h3>III. Formulaires et interactivit\u00e9<\/h3>\n<p>Vos renseignements personnels sont collect\u00e9s par le biais de l\u2019un ou l\u2019autre des formulaires suivants:<\/p>\n<ul>\n<li>Formulaire d&rsquo;inscription au site Web<\/li>\n<li>Formulaire de commande<\/li>\n<li>Sondage d&rsquo;opinion<\/li>\n<li>Concours<\/li>\n<\/ul>\n<p>Maxi Inc. utilise les renseignements ainsi collect\u00e9s pour les finalit\u00e9s suivantes:<\/p>\n<ul>\n<li>Envoyer l\u2019Infolettre \/ Offres promotionnelles<\/li>\n<li>R\u00e9pondre \u00e0 vos demandes de renseignements<\/li>\n<li>Envoyer votre commande<\/li>\n<li>G\u00e9n\u00e9rer des statistiques<\/li>\n<li>G\u00e9rer le site Web (pr\u00e9sentation, organisation)<\/li>\n<\/ul>\n<p>Vos renseignements sont \u00e9galement collect\u00e9s par le biais de l&rsquo;interactivit\u00e9 pouvant s&rsquo;\u00e9tablir entre vous et notre site Web et ce, de la fa\u00e7on suivante:<\/p>\n<ul>\n<li>R\u00e9pondre \u00e0 vos demandes de renseignements<\/li>\n<li>G\u00e9n\u00e9rer des statistiques<\/li>\n<li>G\u00e9rer le site Web (pr\u00e9sentation, organisation)<\/li>\n<\/ul>\n<p>Maxi Inc. utilise les renseignements ainsi collect\u00e9s pour les finalit\u00e9s suivantes:<\/p>\n<ul>\n<li>Pour vous faire parvenir l\u2019Infolettre ou les offres promotionnelles<\/li>\n<li>R\u00e9pondre \u00e0 vos demandes de renseignements<\/li>\n<\/ul>\n<h3>IV. Fichiers journaux et t\u00e9moins<\/h3>\n<p>Maxi Inc. recueille certaines informations par le biais de fichiers journaux (log file) et de fichiers t\u00e9moins (cookies). Il s&rsquo;agit principalement des informations suivantes:<\/p>\n<ul>\n<li>Adresse IP<\/li>\n<li>Syst\u00e8me d&rsquo;exploitation<\/li>\n<li>Pages visit\u00e9es et requ\u00eates<\/li>\n<li>Heure et jour de connexion<\/li>\n<li>Publicit\u00e9 digitale (de type \u00abremarketing\u00bb)<\/li>\n<\/ul>\n<p>Le recours \u00e0 de tels fichiers nous permet:<\/p>\n<ul>\n<li>D\u2019am\u00e9liorer notre service et de mettre en place un accueil personnalis\u00e9<\/li>\n<li>D\u2019obtenir un profil personnalis\u00e9 de consommation<\/li>\n<li>De g\u00e9n\u00e9rer des statistiques<\/li>\n<\/ul>\n<h3>V. Partage des renseignements personnels<\/h3>\n<p>Maxi Inc. s\u2019engage \u00e0 ne pas commercialiser les renseignements personnels collect\u00e9s. Toutefois, il lui arrive de partager ces informations avec des tiers aux fins suivantes:<\/p>\n<ul>\n<li>Envoyer l\u2019Infolettre ou les offres promotionnelles<\/li>\n<li>Envoyer votre commande<\/li>\n<li>\u00c9tablir un profil de consommation<\/li>\n<li>Effectuer de la publicit\u00e9 digitale (de type \u00abremarketing\u00bb)<\/li>\n<\/ul>\n<p>Si vous ne souhaitez pas que vos renseignements personnels soient communiqu\u00e9s \u00e0 des tiers, il vous est possible de vous y opposer au moment de la collecte ou \u00e0 tout moment par la suite de la fa\u00e7on mentionn\u00e9e dans la section Droit d\u2019opposition et de retrait.<\/p>\n<h3>VI. Limiter la collecte et l\u2019utilisation des renseignements personnels<\/h3>\n<p>Maxi Inc. recueille et utilise uniquement les renseignements n\u00e9cessaires aux fins qui vous auront auparavant \u00e9t\u00e9 exprim\u00e9es. Les employ\u00e9s n\u2019utilisent que les renseignements personnels n\u00e9cessaires \u00e0 l\u2019exercice de leurs fonctions.<\/p>\n<h3>VII. Droit d&rsquo;opposition et de retrait<\/h3>\n<p>Maxi Inc. vous offre un droit d&rsquo;opposition et de retrait quant \u00e0 vos renseignements personnels.<\/p>\n<p>Le droit d&rsquo;opposition s&rsquo;entend comme \u00e9tant la possibilit\u00e9 offerte aux internautes de refuser que leurs renseignements personnels soient utilis\u00e9s \u00e0 certaines fins mentionn\u00e9es lors de la collecte.<\/p>\n<p>Le droit de retrait s&rsquo;entend comme \u00e9tant la possibilit\u00e9 offerte aux internautes de demander \u00e0 ce que leurs renseignements personnels ne figurent plus, par exemple, dans une liste de diffusion.<\/p>\n<p>Afin de pouvoir exercer ces droits, vous devez<br \/>\n\u00e9crire \u00e0:<\/p>\n<p><a href=\"mailto:webmestre@maxi.com\">webmestre@maxi.com<\/a>;<br \/>\nou \u00e0:<br \/>\nWebmestre<br \/>\n688 Rue de Parc<br \/>\nSaint-lin-Laurentides<br \/>\n(Quebec) Canada J5M 3B4<\/p>\n<p>Google offre \u00e9galement la possibilit\u00e9 de se d\u00e9sabonner automatiquement de toute publicit\u00e9 cibl\u00e9e par centres d&rsquo;int\u00e9r\u00eat ou par \u00abremarketing\u00bb.<\/p>\n<p>Vous devez visiter la page suivante pour vous d\u00e9sabonner:<\/p>\n<p>Centre de confidentialit\u00e9 Google<\/p>\n<p><a href=\"http:\/\/www.google.ca\/intl\/fr\/policies\/technologies\/ads\/\">http:\/\/www.google.ca\/intl\/fr\/policies\/technologies\/ads\/ <\/a><\/p>\n<h3>VIII. Droit d&rsquo;acc\u00e8s<\/h3>\n<p>Maxi Inc. reconnait un droit d&rsquo;acc\u00e8s et de rectification aux personnes concern\u00e9es d\u00e9sireuses de consulter, modifier, voire radier les informations les concernant.<\/p>\n<p>L&rsquo;exercice de ce droit se fera en communiquant soit par courriel \u00e0:<\/p>\n<p><a href=\"mailto:webmestre@maxi.com\">webmestre@maxi.com<\/a>;<br \/>\nou en \u00e9crivant \u00e0:<br \/>\nWebmestre<br \/>\n688 Rue de Parc<br \/>\nSaint-lin-Laurentides<br \/>\n(Quebec) Canada J5M 3B4<\/p>\n<h3>IX. S\u00e9curit\u00e9<\/h3>\n<p>Les renseignements personnels que Maxi Inc. collecte sont conserv\u00e9s dans un environnement s\u00e9curis\u00e9. Toutes les personnes, employ\u00e9s, consultants, administrateurs et dirigeants de Maxi Inc. sont tenus de respecter la confidentialit\u00e9 de vos informations.<\/p>\n<p>Pour assurer la s\u00e9curit\u00e9 de vos renseignements personnels, Maxi Inc. a recours aux mesures suivantes:<\/p>\n<ul>\n<li>Protocole SSL (Secure Sockets Layer)<\/li>\n<li>Protocole SET (Secure Electronic Transaction)<\/li>\n<li>Logiciel de surveillance du r\u00e9seau<\/li>\n<li>Sauvegarde informatique<\/li>\n<li>Pare-feu (Firewalls)<\/li>\n<\/ul>\n<p>Maxi Inc. s\u2019engage \u00e0 maintenir et \u00e0 mettre en place les plus hauts standards de confidentialit\u00e9, notamment en int\u00e9grant les derni\u00e8res innovations technologiques permettant d&rsquo;assurer la confidentialit\u00e9 de vos renseignements personnels. Toutefois, puisqu\u2019aucun m\u00e9canisme n&rsquo;offre une s\u00e9curit\u00e9 maximale, une part de risque est toujours pr\u00e9sente lorsque l&rsquo;on utilise Internet pour transmettre des renseignements personnels.<\/p>\n<p><small>Note: La Politique de confidentialit\u00e9 et de protection des renseignements personnels est soumise aux dispositions l\u00e9gislatives applicables en la mati\u00e8re. Par cons\u00e9quent, son contenu peut \u00eatre mis \u00e0 jour ou modifi\u00e9 en tout temps, suivant l\u2019\u00e9volution du contexte l\u00e9gislatif.<\/small><\/p>\n","protected":false},"excerpt":{"rendered":"<p>Maxi Inc. m\u00e8ne ses affaires dans le respect des normes d\u2019\u00e9thique et d\u2019int\u00e9grit\u00e9 les plus strictes. En se&#8230;<\/p>\n","protected":false},"author":1,"featured_media":0,"parent":0,"menu_order":0,"comment_status":"closed","ping_status":"closed","template":"","meta":{"_acf_changed":false,"footnotes":""},"class_list":["post-3002","page","type-page","status-publish","hentry"],"acf":[],"yoast_head":"<!-- This site is optimized with the Yoast SEO plugin v27.3 - https:\/\/yoast.com\/product\/yoast-seo-wordpress\/ -->\n<title>Politique de confidentialit\u00e9 - MAXI<\/title>\n<meta name=\"robots\" content=\"index, follow, max-snippet:-1, max-image-preview:large, max-video-preview:-1\" \/>\n<link rel=\"canonical\" href=\"https:\/\/www.maxi.com\/privacy-policy\/\" \/>\n<meta property=\"og:locale\" content=\"fr_CA\" \/>\n<meta property=\"og:type\" content=\"article\" \/>\n<meta property=\"og:title\" content=\"Politique de confidentialit\u00e9 - MAXI\" \/>\n<meta property=\"og:description\" content=\"Maxi Inc. m\u00e8ne ses affaires dans le respect des normes d\u2019\u00e9thique et d\u2019int\u00e9grit\u00e9 les plus strictes. En se...\" \/>\n<meta property=\"og:url\" content=\"https:\/\/www.maxi.com\/privacy-policy\/\" \/>\n<meta property=\"og:site_name\" content=\"MAXI\" \/>\n<meta name=\"twitter:card\" content=\"summary_large_image\" \/>\n<meta name=\"twitter:label1\" content=\"Estimation du temps de lecture\" \/>\n\t<meta name=\"twitter:data1\" content=\"5 minutes\" \/>\n<script type=\"application\/ld+json\" class=\"yoast-schema-graph\">{\"@context\":\"https:\\\/\\\/schema.org\",\"@graph\":[{\"@type\":\"WebPage\",\"@id\":\"https:\\\/\\\/www.maxi.com\\\/privacy-policy\\\/\",\"url\":\"https:\\\/\\\/www.maxi.com\\\/privacy-policy\\\/\",\"name\":\"Politique de confidentialit\u00e9 - MAXI\",\"isPartOf\":{\"@id\":\"https:\\\/\\\/www.maxi.com\\\/#website\"},\"datePublished\":\"2023-06-05T15:36:34+00:00\",\"breadcrumb\":{\"@id\":\"https:\\\/\\\/www.maxi.com\\\/privacy-policy\\\/#breadcrumb\"},\"inLanguage\":\"fr-CA\",\"potentialAction\":[{\"@type\":\"ReadAction\",\"target\":[\"https:\\\/\\\/www.maxi.com\\\/privacy-policy\\\/\"]}]},{\"@type\":\"BreadcrumbList\",\"@id\":\"https:\\\/\\\/www.maxi.com\\\/privacy-policy\\\/#breadcrumb\",\"itemListElement\":[{\"@type\":\"ListItem\",\"position\":1,\"name\":\"Home\",\"item\":\"https:\\\/\\\/www.maxi.com\\\/fr\\\/\"},{\"@type\":\"ListItem\",\"position\":2,\"name\":\"Politique de confidentialit\u00e9\"}]},{\"@type\":\"WebSite\",\"@id\":\"https:\\\/\\\/www.maxi.com\\\/#website\",\"url\":\"https:\\\/\\\/www.maxi.com\\\/\",\"name\":\"MAXI\",\"description\":\"\",\"publisher\":{\"@id\":\"https:\\\/\\\/www.maxi.com\\\/#organization\"},\"potentialAction\":[{\"@type\":\"SearchAction\",\"target\":{\"@type\":\"EntryPoint\",\"urlTemplate\":\"https:\\\/\\\/www.maxi.com\\\/?s={search_term_string}\"},\"query-input\":{\"@type\":\"PropertyValueSpecification\",\"valueRequired\":true,\"valueName\":\"search_term_string\"}}],\"inLanguage\":\"fr-CA\"},{\"@type\":\"Organization\",\"@id\":\"https:\\\/\\\/www.maxi.com\\\/#organization\",\"name\":\"Maxi\",\"url\":\"https:\\\/\\\/www.maxi.com\\\/\",\"logo\":{\"@type\":\"ImageObject\",\"inLanguage\":\"fr-CA\",\"@id\":\"https:\\\/\\\/www.maxi.com\\\/#\\\/schema\\\/logo\\\/image\\\/\",\"url\":\"https:\\\/\\\/www.maxi.com\\\/app\\\/uploads\\\/2018\\\/02\\\/maxi-logo.png\",\"contentUrl\":\"https:\\\/\\\/www.maxi.com\\\/app\\\/uploads\\\/2018\\\/02\\\/maxi-logo.png\",\"width\":378,\"height\":158,\"caption\":\"Maxi\"},\"image\":{\"@id\":\"https:\\\/\\\/www.maxi.com\\\/#\\\/schema\\\/logo\\\/image\\\/\"},\"sameAs\":[\"https:\\\/\\\/www.linkedin.com\\\/company\\\/maxi-canada-inc.\\\/\"]}]}<\/script>\n<!-- \/ Yoast SEO plugin. -->","yoast_head_json":{"title":"Politique de confidentialit\u00e9 - MAXI","robots":{"index":"index","follow":"follow","max-snippet":"max-snippet:-1","max-image-preview":"max-image-preview:large","max-video-preview":"max-video-preview:-1"},"canonical":"https:\/\/www.maxi.com\/privacy-policy\/","og_locale":"fr_CA","og_type":"article","og_title":"Politique de confidentialit\u00e9 - MAXI","og_description":"Maxi Inc. m\u00e8ne ses affaires dans le respect des normes d\u2019\u00e9thique et d\u2019int\u00e9grit\u00e9 les plus strictes. En se...","og_url":"https:\/\/www.maxi.com\/privacy-policy\/","og_site_name":"MAXI","twitter_card":"summary_large_image","twitter_misc":{"Estimation du temps de lecture":"5 minutes"},"schema":{"@context":"https:\/\/schema.org","@graph":[{"@type":"WebPage","@id":"https:\/\/www.maxi.com\/privacy-policy\/","url":"https:\/\/www.maxi.com\/privacy-policy\/","name":"Politique de confidentialit\u00e9 - MAXI","isPartOf":{"@id":"https:\/\/www.maxi.com\/#website"},"datePublished":"2023-06-05T15:36:34+00:00","breadcrumb":{"@id":"https:\/\/www.maxi.com\/privacy-policy\/#breadcrumb"},"inLanguage":"fr-CA","potentialAction":[{"@type":"ReadAction","target":["https:\/\/www.maxi.com\/privacy-policy\/"]}]},{"@type":"BreadcrumbList","@id":"https:\/\/www.maxi.com\/privacy-policy\/#breadcrumb","itemListElement":[{"@type":"ListItem","position":1,"name":"Home","item":"https:\/\/www.maxi.com\/fr\/"},{"@type":"ListItem","position":2,"name":"Politique de confidentialit\u00e9"}]},{"@type":"WebSite","@id":"https:\/\/www.maxi.com\/#website","url":"https:\/\/www.maxi.com\/","name":"MAXI","description":"","publisher":{"@id":"https:\/\/www.maxi.com\/#organization"},"potentialAction":[{"@type":"SearchAction","target":{"@type":"EntryPoint","urlTemplate":"https:\/\/www.maxi.com\/?s={search_term_string}"},"query-input":{"@type":"PropertyValueSpecification","valueRequired":true,"valueName":"search_term_string"}}],"inLanguage":"fr-CA"},{"@type":"Organization","@id":"https:\/\/www.maxi.com\/#organization","name":"Maxi","url":"https:\/\/www.maxi.com\/","logo":{"@type":"ImageObject","inLanguage":"fr-CA","@id":"https:\/\/www.maxi.com\/#\/schema\/logo\/image\/","url":"https:\/\/www.maxi.com\/app\/uploads\/2018\/02\/maxi-logo.png","contentUrl":"https:\/\/www.maxi.com\/app\/uploads\/2018\/02\/maxi-logo.png","width":378,"height":158,"caption":"Maxi"},"image":{"@id":"https:\/\/www.maxi.com\/#\/schema\/logo\/image\/"},"sameAs":["https:\/\/www.linkedin.com\/company\/maxi-canada-inc.\/"]}]}},"_links":{"self":[{"href":"https:\/\/www.maxi.com\/fr\/wp-json\/wp\/v2\/pages\/3002","targetHints":{"allow":["GET"]}}],"collection":[{"href":"https:\/\/www.maxi.com\/fr\/wp-json\/wp\/v2\/pages"}],"about":[{"href":"https:\/\/www.maxi.com\/fr\/wp-json\/wp\/v2\/types\/page"}],"author":[{"embeddable":true,"href":"https:\/\/www.maxi.com\/fr\/wp-json\/wp\/v2\/users\/1"}],"replies":[{"embeddable":true,"href":"https:\/\/www.maxi.com\/fr\/wp-json\/wp\/v2\/comments?post=3002"}],"version-history":[{"count":1,"href":"https:\/\/www.maxi.com\/fr\/wp-json\/wp\/v2\/pages\/3002\/revisions"}],"predecessor-version":[{"id":3003,"href":"https:\/\/www.maxi.com\/fr\/wp-json\/wp\/v2\/pages\/3002\/revisions\/3003"}],"wp:attachment":[{"href":"https:\/\/www.maxi.com\/fr\/wp-json\/wp\/v2\/media?parent=3002"}],"curies":[{"name":"wp","href":"https:\/\/api.w.org\/{rel}","templated":true}]}}